{"id":55,"date":"2024-11-11T17:01:44","date_gmt":"2024-11-11T14:01:44","guid":{"rendered":"https:\/\/mnacademy.org\/?page_id=55"},"modified":"2024-12-05T12:43:49","modified_gmt":"2024-12-05T09:43:49","slug":"coming-soon","status":"publish","type":"page","link":"https:\/\/mnacademy.org\/fr\/","title":{"rendered":"Coming Soon"},"content":{"rendered":"<div data-elementor-type=\"wp-page\" data-elementor-id=\"55\" class=\"elementor elementor-55\">\n\t\t\t\t<div class=\"elementor-element elementor-element-undefined-ce162b7 e-con-full e-flex e-con e-parent\" data-id=\"undefined-ce162b7\" data-element_type=\"container\" data-settings=\"{&quot;background_background&quot;:&quot;classic&quot;}\">\n\t\t\t\t<div class=\"elementor-element elementor-element-aa0e05a elementor-widget__width-initial elementor-widget-tablet__width-initial elementor-widget-mobile__width-initial elementor-widget elementor-widget-image\" data-id=\"aa0e05a\" data-element_type=\"widget\" data-widget_type=\"image.default\">\n\t\t\t\t<div class=\"elementor-widget-container\">\n\t\t\t\t\t\t\t\t\t\t\t\t\t\t\t<img fetchpriority=\"high\" decoding=\"async\" width=\"500\" height=\"500\" src=\"https:\/\/mnacademy.org\/wp-content\/uploads\/2024\/11\/Logo.png\" class=\"attachment-full size-full wp-image-105\" alt=\"\" srcset=\"https:\/\/mnacademy.org\/wp-content\/uploads\/2024\/11\/Logo.png 500w, https:\/\/mnacademy.org\/wp-content\/uploads\/2024\/11\/Logo-300x300.png 300w, https:\/\/mnacademy.org\/wp-content\/uploads\/2024\/11\/Logo-100x100.png 100w, https:\/\/mnacademy.org\/wp-content\/uploads\/2024\/11\/Logo-150x150.png 150w\" sizes=\"(max-width: 500px) 100vw, 500px\" \/>\t\t\t\t\t\t\t\t\t\t\t\t\t\t\t<\/div>\n\t\t\t\t<\/div>\n\t\t\t\t<div class=\"elementor-element elementor-element-undefined-a7936bf elementor-widget elementor-widget-heading\" data-id=\"undefined-a7936bf\" data-element_type=\"widget\" data-widget_type=\"heading.default\">\n\t\t\t\t<div class=\"elementor-widget-container\">\n\t\t\t\t\t<h3 class=\"elementor-heading-title elementor-size-default\">Un monde de savoirs, des comp\u00e9tences \u00e0 port\u00e9e d\u2019un clic \u2013 pour ceux qui veulent fa\u00e7onner leur avenir<\/h3>\t\t\t\t<\/div>\n\t\t\t\t<\/div>\n\t\t\t\t<div class=\"elementor-element elementor-element-undefined-51b658c elementor-widget elementor-widget-heading\" data-id=\"undefined-51b658c\" data-element_type=\"widget\" data-widget_type=\"heading.default\">\n\t\t\t\t<div class=\"elementor-widget-container\">\n\t\t\t\t\t<h5 class=\"elementor-heading-title elementor-size-default\">Coming Soon<\/h5>\t\t\t\t<\/div>\n\t\t\t\t<\/div>\n\t\t\t\t<div class=\"elementor-element elementor-element-615ab08 elementor-widget__width-auto elementor-invisible elementor-widget elementor-widget-shortcode\" data-id=\"615ab08\" data-element_type=\"widget\" data-settings=\"{&quot;_animation&quot;:&quot;fadeInUp&quot;}\" data-widget_type=\"shortcode.default\">\n\t\t\t\t<div class=\"elementor-widget-container\">\n\t\t\t\t\t\t\t<div class=\"elementor-shortcode\"><div class=\"forminator-ui forminator-custom-form forminator-custom-form-117 forminator-design--material forminator-enclosed forminator_ajax\" data-forminator-render=\"0\" data-form=\"forminator-module-117\" data-uid=\"69d0f7825ede7\"><br\/><\/div><form\n\t\t\t\tid=\"forminator-module-117\"\n\t\t\t\tclass=\"forminator-ui forminator-custom-form forminator-custom-form-117 forminator-design--material forminator-enclosed forminator_ajax\"\n\t\t\t\tmethod=\"post\"\n\t\t\t\tdata-forminator-render=\"0\"\n\t\t\t\tdata-form-id=\"117\"\n\t\t\t\t\n\t\t\t\tdata-design=\"material\"\n\t\t\t\t\n\t\t\t\t\n\t\t\t\t\n\t\t\t\tdata-grid=\"enclosed\"\n\t\t\t\t\n\t\t\t\t\n\t\t\t\tstyle=\"display: none;\"\n\t\t\t\t\n\t\t\t\tdata-uid=\"69d0f7825ede7\" action=\"\"\n\t\t\t><div role=\"alert\" aria-live=\"polite\" class=\"forminator-response-message forminator-error\" aria-hidden=\"true\"><\/div><div class=\"forminator-row\"><div id=\"email-1\" class=\"forminator-field-email forminator-col forminator-col-12\"><div class=\"forminator-field\"><label for=\"forminator-field-email-1_69d0f7825ede7\" id=\"forminator-field-email-1_69d0f7825ede7-label\" class=\"forminator-label\">Ne manquez rien, abonnez-vous \u00e0 notre newsletter! <span class=\"forminator-required\">*<\/span><\/label><input type=\"email\" name=\"email-1\" value=\"\" placeholder=\"mon@email.com\" id=\"forminator-field-email-1_69d0f7825ede7\" class=\"forminator-input forminator-email--field\" data-required=\"1\" aria-required=\"true\" \/><\/div><\/div><\/div><input type=\"hidden\" name=\"referer_url\" value=\"\" \/><script type=\"text\/javascript\" src=\"https:\/\/challenges.cloudflare.com\/turnstile\/v0\/api.js?render=explicit&amp;ver=6.8.3\" id=\"cfturnstile-js\"><\/script>\n<style>#cf-turnstile-fmntr-117 { margin-left: 0px !important; }<\/style>\t\t<div id=\"cf-turnstile-fmntr-117\"\r\n\t\tclass=\"cf-turnstile\" data-callback=\"turnstileForminatorCallback\"\t\tdata-sitekey=\"0x4AAAAAAA0Yo4vpQQ51K7Id\"\r\n\t\tdata-theme=\"auto\"\r\n\t\tdata-language=\"auto\"\r\n\t\tdata-size=\"normal\"\r\n\t\tdata-retry=\"auto\" data-retry-interval=\"1000\"\r\n\t\tdata-action=\"forminator-form-117\"\r\n\t\t\t\tdata-appearance=\"interaction-only\"><\/div>\r\n\t\t\t\t<style>.forminator-button-submit { pointer-events: none; opacity: 0.5; }<\/style>\r\n\t\t\t<script>document.addEventListener(\"DOMContentLoaded\", function() { setTimeout(function(){ var e=document.getElementById(\"cf-turnstile-fmntr-117\"); e&&!e.innerHTML.trim()&&(turnstile.remove(\"#cf-turnstile-fmntr-117\"), turnstile.render(\"#cf-turnstile-fmntr-117\", {sitekey:\"0x4AAAAAAA0Yo4vpQQ51K7Id\"})); }, 0); });<\/script>\r\n\t\t\t<style>#cf-turnstile-fmntr-117 iframe { margin-bottom: 15px; }<\/style>\r\n\t\t\t\t<style>#cf-turnstile-fmntr-117 { margin-left: -15px; }<\/style>\r\n\t\t            <script>\r\n            \/\/ On ajax.complete run turnstile.render if element is empty\r\n            jQuery(document).ajaxComplete(function() {\r\n                setTimeout(function() {\r\n                    if (document.getElementById('cf-turnstile-fmntr-117')) {\r\n                        if(!document.getElementById('cf-turnstile-fmntr-117').innerHTML.trim()) {\r\n                                turnstile.remove('#cf-turnstile-fmntr-117');\r\n                                turnstile.render('#cf-turnstile-fmntr-117');\r\n                        }\r\n                    }\r\n                }, 1000);\r\n            });\r\n            \/\/ Enable Submit Button Function\r\n            function turnstileForminatorCallback() {\r\n                document.querySelectorAll('.forminator-button, .forminator-button-submit').forEach(function(el) {\r\n                    el.style.pointerEvents = 'auto';\r\n                    el.style.opacity = '1';\r\n                });\r\n            }\r\n            \/\/ On submit re-render\r\n            jQuery(document).ready(function() {\r\n                jQuery('.forminator-custom-form').on('submit', function() {\r\n                    if(document.getElementById('cf-turnstile-fmntr-117')) {\r\n                        setTimeout(function() {\r\n                            turnstile.remove('#cf-turnstile-fmntr-117');\r\n                            turnstile.render('#cf-turnstile-fmntr-117');\r\n                        }, 1000);\r\n                    }\r\n                });\r\n            });\r\n            <\/script>\r\n            <div class=\"forminator-row forminator-row-last\"><div class=\"forminator-col\"><div class=\"forminator-field\"><button class=\"forminator-button forminator-button-submit\"><span>S'abonner<\/span><span aria-hidden=\"true\"><\/span><\/button><\/div><\/div><\/div><input type=\"hidden\" id=\"forminator_nonce\" name=\"forminator_nonce\" value=\"455760efeb\" \/><input type=\"hidden\" name=\"_wp_http_referer\" value=\"\/fr\/wp-json\/wp\/v2\/pages\/55\" \/><input type=\"hidden\" name=\"form_id\" value=\"117\"><input type=\"hidden\" name=\"page_id\" value=\"55\"><input type=\"hidden\" name=\"form_type\" value=\"default\"><input type=\"hidden\" name=\"current_url\" value=\"https:\/\/mnacademy.org\/fr\/\"><input type=\"hidden\" name=\"render_id\" value=\"0\"><input type=\"hidden\" name=\"action\" value=\"forminator_submit_form_custom-forms\"><label for=\"input_2\" class=\"forminator-hidden\" aria-hidden=\"true\">Veuillez ne pas remplir ce champ. <input id=\"input_2\" type=\"text\" name=\"input_2\" value=\"\" autocomplete=\"off\"><\/label><input type=\"hidden\" name=\"trp-form-language\" value=\"fr\"\/><\/form><\/div>\n\t\t\t\t\t\t<\/div>\n\t\t\t\t<\/div>\n\t\t\t\t<\/div>\n\t\t\t\t<\/div>","protected":false},"excerpt":{"rendered":"<p>Un monde de savoirs, des comp\u00e9tences \u00e0 port\u00e9e d\u2019un clic \u2013 pour ceux qui veulent fa\u00e7onner leur avenir<\/p>","protected":false},"author":1,"featured_media":16,"parent":0,"menu_order":0,"comment_status":"closed","ping_status":"closed","template":"elementor_header_footer","meta":{"_tutorstarter_page_metadata":{"sidebar_select":"","footer_select":"footer_one","page_title_toggle":true,"header_toggle":true,"header_trans_toggle":false,"footer_toggle":false},"footnotes":""},"class_list":["post-55","page","type-page","status-publish","has-post-thumbnail","hentry"],"_links":{"self":[{"href":"https:\/\/mnacademy.org\/fr\/wp-json\/wp\/v2\/pages\/55","targetHints":{"allow":["GET"]}}],"collection":[{"href":"https:\/\/mnacademy.org\/fr\/wp-json\/wp\/v2\/pages"}],"about":[{"href":"https:\/\/mnacademy.org\/fr\/wp-json\/wp\/v2\/types\/page"}],"author":[{"embeddable":true,"href":"https:\/\/mnacademy.org\/fr\/wp-json\/wp\/v2\/users\/1"}],"replies":[{"embeddable":true,"href":"https:\/\/mnacademy.org\/fr\/wp-json\/wp\/v2\/comments?post=55"}],"version-history":[{"count":44,"href":"https:\/\/mnacademy.org\/fr\/wp-json\/wp\/v2\/pages\/55\/revisions"}],"predecessor-version":[{"id":454,"href":"https:\/\/mnacademy.org\/fr\/wp-json\/wp\/v2\/pages\/55\/revisions\/454"}],"wp:featuredmedia":[{"embeddable":true,"href":"https:\/\/mnacademy.org\/fr\/wp-json\/wp\/v2\/media\/16"}],"wp:attachment":[{"href":"https:\/\/mnacademy.org\/fr\/wp-json\/wp\/v2\/media?parent=55"}],"curies":[{"name":"wp","href":"https:\/\/api.w.org\/{rel}","templated":true}]}}